
{"id":141295,"date":"2025-04-10T07:28:17","date_gmt":"2025-04-10T07:28:17","guid":{"rendered":"https:\/\/staging.hilo.com\/replacement-unit-for-ip68-bands-with-data-matrix-code\/"},"modified":"2025-08-28T07:44:24","modified_gmt":"2025-08-28T07:44:24","slug":"replacement-unit-for-ip68-bands-with-data-matrix-code","status":"publish","type":"product","link":"https:\/\/hilo.com\/es\/replacement-unit-for-ip68-bands-with-data-matrix-code\/","title":{"rendered":"Unidad de sustituci\u00f3n para pulseras IP68 con Data Matrix (tipo QR)"},"content":{"rendered":"<p>\u00bfNo est\u00e1s seguro de qu\u00e9 modelo necesitas? <a class=\"openBatchdatamatrixPopup\" href=\"#xqpwok\">Haz clic aqu\u00ed<\/a><br \/>\n<em data-renderer-mark=\"true\">Correa y brazalete no incluidos<\/em><\/p>\n","protected":false},"excerpt":{"rendered":"<p>\u00bfNo est\u00e1s seguro de qu\u00e9 modelo necesitas? Haz clic aqu\u00ed Correa y brazalete no incluidos<\/p>\n","protected":false},"featured_media":74803,"template":"","meta":{"_acf_changed":false},"product_brand":[],"product_cat":[248],"product_tag":[],"class_list":{"0":"post-141295","1":"product","2":"type-product","3":"status-publish","4":"has-post-thumbnail","6":"product_cat-hilo","8":"first","9":"instock","10":"taxable","11":"shipping-taxable","12":"purchasable","13":"product-type-simple"},"bundled_by":[],"bundle_stock_status":"instock","bundle_stock_quantity":null,"bundle_virtual":false,"bundle_layout":"","bundle_add_to_cart_form_location":"","bundle_editable_in_cart":false,"bundle_sold_individually_context":"","bundle_item_grouping":"","bundle_min_size":"","bundle_max_size":"","bundle_price":[],"bundled_items":[],"bundle_sell_ids":[],"acf":[],"_links":{"self":[{"href":"https:\/\/hilo.com\/es\/wp-json\/wp\/v2\/product\/141295","targetHints":{"allow":["GET"]}}],"collection":[{"href":"https:\/\/hilo.com\/es\/wp-json\/wp\/v2\/product"}],"about":[{"href":"https:\/\/hilo.com\/es\/wp-json\/wp\/v2\/types\/product"}],"version-history":[{"count":0,"href":"https:\/\/hilo.com\/es\/wp-json\/wp\/v2\/product\/141295\/revisions"}],"wp:featuredmedia":[{"embeddable":true,"href":"https:\/\/hilo.com\/es\/wp-json\/wp\/v2\/media\/74803"}],"wp:attachment":[{"href":"https:\/\/hilo.com\/es\/wp-json\/wp\/v2\/media?parent=141295"}],"wp:term":[{"taxonomy":"product_brand","embeddable":true,"href":"https:\/\/hilo.com\/es\/wp-json\/wp\/v2\/product_brand?post=141295"},{"taxonomy":"product_cat","embeddable":true,"href":"https:\/\/hilo.com\/es\/wp-json\/wp\/v2\/product_cat?post=141295"},{"taxonomy":"product_tag","embeddable":true,"href":"https:\/\/hilo.com\/es\/wp-json\/wp\/v2\/product_tag?post=141295"}],"curies":[{"name":"wp","href":"https:\/\/api.w.org\/{rel}","templated":true}]}}