
{"id":74873,"date":"2025-03-07T10:30:54","date_gmt":"2025-03-07T10:30:54","guid":{"rendered":"https:\/\/staging.hilo.com\/bracelet-strap-medium\/"},"modified":"2025-08-28T07:49:59","modified_gmt":"2025-08-28T07:49:59","slug":"armband-mittel","status":"publish","type":"product","link":"https:\/\/hilo.com\/de\/armband-mittel\/","title":{"rendered":"Hilo Armband, Medium"},"content":{"rendered":"<p><span style=\"font-weight: 400;\">Silikon, 23\u202fcm lang<\/span><\/p>\n","protected":false},"excerpt":{"rendered":"<p>W\u00e4hle die Farbe, die deinen Stil unterstreicht. Die Armb\u00e4nder lassen sich m\u00fchelos austauschen \u2013 passend zu deiner Stimmung. Ideal f\u00fcr Handgelenke mit einem Umfang von 12 bis 19\u202fcm. <a class=\"openMeasurePopup\">[Mehr erfahren: So misst du richtig]<\/a><\/p>\n<p><strong>Hilo Pod nicht im Lieferumfang enthalten<\/strong><\/p>\n","protected":false},"featured_media":164208,"template":"","meta":{"_acf_changed":false},"product_brand":[],"product_cat":[36],"product_tag":[],"class_list":{"0":"post-74873","1":"product","2":"type-product","3":"status-publish","4":"has-post-thumbnail","6":"product_cat-hilo","8":"first","9":"instock","10":"taxable","11":"shipping-taxable","12":"purchasable","13":"product-type-variable","14":"has-default-attributes"},"bundled_by":[],"bundle_stock_status":"instock","bundle_stock_quantity":null,"bundle_virtual":false,"bundle_layout":"","bundle_add_to_cart_form_location":"","bundle_editable_in_cart":false,"bundle_sold_individually_context":"","bundle_item_grouping":"","bundle_min_size":"","bundle_max_size":"","bundle_price":[],"bundled_items":[],"bundle_sell_ids":[],"acf":[],"_links":{"self":[{"href":"https:\/\/hilo.com\/de\/wp-json\/wp\/v2\/product\/74873","targetHints":{"allow":["GET"]}}],"collection":[{"href":"https:\/\/hilo.com\/de\/wp-json\/wp\/v2\/product"}],"about":[{"href":"https:\/\/hilo.com\/de\/wp-json\/wp\/v2\/types\/product"}],"version-history":[{"count":0,"href":"https:\/\/hilo.com\/de\/wp-json\/wp\/v2\/product\/74873\/revisions"}],"wp:featuredmedia":[{"embeddable":true,"href":"https:\/\/hilo.com\/de\/wp-json\/wp\/v2\/media\/164208"}],"wp:attachment":[{"href":"https:\/\/hilo.com\/de\/wp-json\/wp\/v2\/media?parent=74873"}],"wp:term":[{"taxonomy":"product_brand","embeddable":true,"href":"https:\/\/hilo.com\/de\/wp-json\/wp\/v2\/product_brand?post=74873"},{"taxonomy":"product_cat","embeddable":true,"href":"https:\/\/hilo.com\/de\/wp-json\/wp\/v2\/product_cat?post=74873"},{"taxonomy":"product_tag","embeddable":true,"href":"https:\/\/hilo.com\/de\/wp-json\/wp\/v2\/product_tag?post=74873"}],"curies":[{"name":"wp","href":"https:\/\/api.w.org\/{rel}","templated":true}]}}