
{"id":141291,"date":"2025-04-10T07:28:17","date_gmt":"2025-04-10T07:28:17","guid":{"rendered":"https:\/\/staging.hilo.com\/replacement-unit-for-ip68-bands-with-data-matrix-code\/"},"modified":"2025-08-28T07:49:25","modified_gmt":"2025-08-28T07:49:25","slug":"replacement-unit-for-ip68-bands-with-data-matrix-code","status":"publish","type":"product","link":"https:\/\/hilo.com\/de\/replacement-unit-for-ip68-bands-with-data-matrix-code\/","title":{"rendered":"Ersatzger\u00e4t f\u00fcr IP68-Armb\u00e4nder mit aufgedrucktem Data Matrix (QR-Code-Stil)"},"content":{"rendered":"<p>Nicht sicher, welches Modell Sie haben? <a class=\"openBatchdatamatrixPopup\" href=\"#xqpwok\">Hier klicken<\/a><br \/>\nArmband und Manschette nicht enthalten.<\/p>\n","protected":false},"excerpt":{"rendered":"<p>Nicht sicher, welches Modell Sie haben? Hier klicken Armband und Manschette nicht enthalten.<\/p>\n","protected":false},"featured_media":74796,"template":"","meta":{"_acf_changed":false},"product_brand":[],"product_cat":[36],"product_tag":[],"class_list":{"0":"post-141291","1":"product","2":"type-product","3":"status-publish","4":"has-post-thumbnail","6":"product_cat-hilo","8":"first","9":"instock","10":"taxable","11":"shipping-taxable","12":"purchasable","13":"product-type-simple"},"bundled_by":[],"bundle_stock_status":"instock","bundle_stock_quantity":null,"bundle_virtual":false,"bundle_layout":"","bundle_add_to_cart_form_location":"","bundle_editable_in_cart":false,"bundle_sold_individually_context":"","bundle_item_grouping":"","bundle_min_size":"","bundle_max_size":"","bundle_price":[],"bundled_items":[],"bundle_sell_ids":[],"acf":[],"_links":{"self":[{"href":"https:\/\/hilo.com\/de\/wp-json\/wp\/v2\/product\/141291","targetHints":{"allow":["GET"]}}],"collection":[{"href":"https:\/\/hilo.com\/de\/wp-json\/wp\/v2\/product"}],"about":[{"href":"https:\/\/hilo.com\/de\/wp-json\/wp\/v2\/types\/product"}],"version-history":[{"count":0,"href":"https:\/\/hilo.com\/de\/wp-json\/wp\/v2\/product\/141291\/revisions"}],"wp:featuredmedia":[{"embeddable":true,"href":"https:\/\/hilo.com\/de\/wp-json\/wp\/v2\/media\/74796"}],"wp:attachment":[{"href":"https:\/\/hilo.com\/de\/wp-json\/wp\/v2\/media?parent=141291"}],"wp:term":[{"taxonomy":"product_brand","embeddable":true,"href":"https:\/\/hilo.com\/de\/wp-json\/wp\/v2\/product_brand?post=141291"},{"taxonomy":"product_cat","embeddable":true,"href":"https:\/\/hilo.com\/de\/wp-json\/wp\/v2\/product_cat?post=141291"},{"taxonomy":"product_tag","embeddable":true,"href":"https:\/\/hilo.com\/de\/wp-json\/wp\/v2\/product_tag?post=141291"}],"curies":[{"name":"wp","href":"https:\/\/api.w.org\/{rel}","templated":true}]}}