
{"id":74848,"date":"2025-03-07T10:30:54","date_gmt":"2025-03-07T10:30:54","guid":{"rendered":"https:\/\/staging.hilo.com\/bracelet-strap-large\/"},"modified":"2025-08-28T07:56:14","modified_gmt":"2025-08-28T07:56:14","slug":"armband-gros","status":"publish","type":"product","link":"https:\/\/hilo.com\/at\/armband-gros\/","title":{"rendered":"Hilo Armband, Large"},"content":{"rendered":"<p><span style=\"font-weight: 400;\">Silikon, 25\u202fcm lang<\/span><\/p>\n","protected":false},"excerpt":{"rendered":"<p>Du suchst eine bequemere Passform? Entscheide dich f\u00fcr das l\u00e4ngere ARmband. Ideal f\u00fcr Handgelenke mit einem Umfang von 16 bis 21\u202fcm. <a class=\"openMeasurePopup\">Mehr erfahren: So misst du richtig<\/a><\/p>\n<p><strong>Hilo Pod nicht im Lieferumfang enthalten<\/strong><\/p>\n","protected":false},"featured_media":164204,"template":"","meta":{"_acf_changed":false},"product_brand":[],"product_cat":[91],"product_tag":[],"class_list":{"0":"post-74848","1":"product","2":"type-product","3":"status-publish","4":"has-post-thumbnail","6":"product_cat-hilo-2","8":"first","9":"instock","10":"taxable","11":"shipping-taxable","12":"purchasable","13":"product-type-variable","14":"has-default-attributes"},"bundled_by":[],"bundle_stock_status":"instock","bundle_stock_quantity":null,"bundle_virtual":false,"bundle_layout":"","bundle_add_to_cart_form_location":"","bundle_editable_in_cart":false,"bundle_sold_individually_context":"","bundle_item_grouping":"","bundle_min_size":"","bundle_max_size":"","bundle_price":[],"bundled_items":[],"bundle_sell_ids":[],"acf":[],"_links":{"self":[{"href":"https:\/\/hilo.com\/at\/wp-json\/wp\/v2\/product\/74848","targetHints":{"allow":["GET"]}}],"collection":[{"href":"https:\/\/hilo.com\/at\/wp-json\/wp\/v2\/product"}],"about":[{"href":"https:\/\/hilo.com\/at\/wp-json\/wp\/v2\/types\/product"}],"version-history":[{"count":0,"href":"https:\/\/hilo.com\/at\/wp-json\/wp\/v2\/product\/74848\/revisions"}],"wp:featuredmedia":[{"embeddable":true,"href":"https:\/\/hilo.com\/at\/wp-json\/wp\/v2\/media\/164204"}],"wp:attachment":[{"href":"https:\/\/hilo.com\/at\/wp-json\/wp\/v2\/media?parent=74848"}],"wp:term":[{"taxonomy":"product_brand","embeddable":true,"href":"https:\/\/hilo.com\/at\/wp-json\/wp\/v2\/product_brand?post=74848"},{"taxonomy":"product_cat","embeddable":true,"href":"https:\/\/hilo.com\/at\/wp-json\/wp\/v2\/product_cat?post=74848"},{"taxonomy":"product_tag","embeddable":true,"href":"https:\/\/hilo.com\/at\/wp-json\/wp\/v2\/product_tag?post=74848"}],"curies":[{"name":"wp","href":"https:\/\/api.w.org\/{rel}","templated":true}]}}